{"id":4089,"date":"2024-03-03T23:05:25","date_gmt":"2024-03-03T22:05:25","guid":{"rendered":"https:\/\/giessen.dakd.de\/?page_id=4089"},"modified":"2024-03-03T23:05:25","modified_gmt":"2024-03-03T22:05:25","slug":"mysterium","status":"publish","type":"page","link":"https:\/\/giessen.dakd.de\/am\/mysterium\/","title":{"rendered":"Mysterium"},"content":{"rendered":"<div class=\"fusion-fullwidth fullwidth-box fusion-builder-row-1 nonhundred-percent-fullwidth non-hundred-percent-height-scrolling\" style=\"--awb-border-radius-top-left:0px;--awb-border-radius-top-right:0px;--awb-border-radius-bottom-right:0px;--awb-border-radius-bottom-left:0px;--awb-flex-wrap:wrap;\" ><div class=\"fusion-builder-row fusion-row\"><div class=\"fusion-layout-column fusion_builder_column fusion-builder-column-0 fusion_builder_column_1_1 1_1 fusion-one-full fusion-column-first fusion-column-last\" style=\"--awb-bg-size:cover;\"><div class=\"fusion-column-wrapper fusion-column-has-shadow fusion-flex-column-wrapper-legacy\"><div class=\"fusion-title title fusion-title-1 fusion-title-text fusion-title-size-two\"><h2 class=\"fusion-title-heading title-heading-left\" style=\"margin:0;\">Was bedeutet Mysterium?<\/h2><span class=\"awb-title-spacer\"><\/span><div class=\"title-sep-container\"><div class=\"title-sep sep-double sep-solid\" style=\"border-color:#e2e2e2;\"><\/div><\/div><\/div><div class=\"fusion-clearfix\"><\/div><\/div><\/div><div class=\"fusion-layout-column fusion_builder_column fusion-builder-column-1 fusion_builder_column_1_1 1_1 fusion-one-full fusion-column-first fusion-column-last fusion-no-medium-visibility fusion-no-large-visibility\" style=\"--awb-bg-size:cover;\"><div class=\"fusion-column-wrapper fusion-column-has-shadow fusion-flex-column-wrapper-legacy\"><div class=\"fusion-text fusion-text-1\"><p style=\"text-align: justify;\">Im Ritus und Gottesdienst der Kirche gibt es einige Riten, die als <em>Sakramente (kath.) bzw. Mysterien (gr.)<\/em> (arm. Khorhurd (\u053d\u0578\u0580\u0570\u0578\u0582\u0580\u0564)) bezeichnet werden. Die Grundlage aller Mysterien ist das Evangelium Jesu Christi. Dies bedeutet jedoch nicht, dass Christus w\u00e4hrend seines irdischen Lebens alle Mysterien selbst eingesetzt oder gar alle Einzelheiten der Riten festgelegt hat. Die Mysterien und ihre Botschaft stellen die Grundlage des Heilwerkes Jesu Christi dar und beruhen zugleich auf den Wahrheiten des Evangeliums.<\/p>\n<p style=\"text-align: justify;\">Das Wort <em>&#8222;Khorhurd&#8220;<\/em>, im religi\u00f6s-theologischen Sinn, bedeutet <em>&#8222;die Offenbarung der verborgenen Dinge&#8220;<\/em> (Hl. Gregor von Tatev, 14. Jh.). Oft wird in der orthodoxen Tradition auch der Begriff <em>\u201eMysterium\u201c<\/em> verwendet. Viele Wahrheiten werden uns durch die Hl. Schrift verborgen vermittelt, die wir nur durch den Glauben verstehen k\u00f6nnen. Also, unter Mysterium verstehen wir die geheimnisvollen und g\u00f6ttlichen Wahrheiten, die wir mit dem normalen Auge nicht wahrnehmen k\u00f6nnen, sondern nur durch das geistliche Auge, d.h. durch den Glauben erkennen k\u00f6nnen. Durch das Feiern der Sakramente werden dem Betroffenen das G\u00f6ttliche und das Unsichtbare durch sichtbare Formen und Zeichen vermittelt.<\/p>\n<p style=\"text-align: justify;\">Die Kirche setzt das Heilswerk Christi in der Welt fort. Durch die Kirche ist Christus gegenw\u00e4rtig in der Welt. Die Macht Christi wird den Menschen durch die Spendung der Mysterien durch die Kirche vermittelt. In der Armenischen Kirche verwendet der Zelebrant (Priester, Bischof, Katholikos) bei der Spendung vieler Mysterien nicht die Ich-Form (z. B. <em>\u201eIch taufe&#8230;\u201c <\/em>oder <em>\u201eIch segne&#8230;\u201c<\/em>), sondern eine passive Formulierung (z. B. <em>\u201eEs wird getauft&#8230;\u201c<\/em> oder <em>\u201eEs wird gesegnet&#8230;\u201c<\/em>). Diese passive Formulierung verdeutlicht, dass Gott der eigentliche Spender der Mysterien ist. Bei der Spendung wird um Gottes Gnaden und Gaben gebeten.<\/p>\n<p style=\"text-align: justify;\">Die Armenische Kirche kennt wie auch die katholische und orthodoxe Kirche trotz einiger theologischer und christologischer Unterschiede sieben Mysterien. Zwar bejaht die Armenische Kirche die sieben Mysterien, sie distanziert sich jedoch von der Siebenzahl, da sie, wie die anderen Ostkirchen, die gesamte Kirche und alle kirchlichen Handlungen als <em>Mysterium<\/em> sieht. Der Meinung des armenischen Patriarchen von Konstantinopel, Erzbischof Maghakia Ormanian, nach, sei die Siebenzahl der Mysterien f\u00fcr die Armenische Kirche nie ein Dogma gewesen, sondern und vielmehr ein Punkt der Lehre. Deshalb lehnt er f\u00fcr die authentische armenische Lehre die Verbindlichkeit der Siebenzahl ab.<\/p>\n<p style=\"text-align: justify;\">In der Armenischen Kirchen d\u00fcrfen die Mysterien nur durch einen geweihten und gesalbten Priester (verheiratet oder im Z\u00f6libat lebend) gespendet werden. Das Mysterium der Handauflegung oder Priesterweihe wird durch einen Bischof bzw. den Katholikos selbst gespendet. Die Mysterien der Taufe, der Salbung und der Weihe sind unwiederholbar. Die Taufe, die Salbung, die Bu\u00dfe und das Abendmahl sind die unentbehrlichen Mysterien f\u00fcr jeden Gl\u00e4ubigen.<\/p>\n<p>Die sieben Mysterien der Armenischen Kirche sind: <strong>Taufe, Salbung, Bu\u00dfe, Eucharistie (Abendmahl), Kr\u00f6nung (Eheschlie\u00dfung), Handauflegung (Weihe), Krankensalbung bzw. letzte \u00d6lung<\/strong>.<\/p>\n<\/div><div class=\"fusion-clearfix\"><\/div><\/div><\/div><div class=\"fusion-layout-column fusion_builder_column fusion-builder-column-2 fusion_builder_column_1_1 1_1 fusion-one-full fusion-column-first fusion-column-last fusion-no-small-visibility\" style=\"--awb-bg-size:cover;\"><div class=\"fusion-column-wrapper fusion-column-has-shadow fusion-flex-column-wrapper-legacy\"><div class=\"fusion-text fusion-text-2 awb-text-cols fusion-text-columns-3\" style=\"--awb-columns:3;--awb-column-spacing:2em;--awb-column-min-width:100px;\"><p style=\"text-align: justify;\">Im Ritus und Gottesdienst der Kirche gibt es einige Riten, die als <em>Sakramente (kath.) bzw. Mysterien (gr.)<\/em> (arm. Khorhurd (\u053d\u0578\u0580\u0570\u0578\u0582\u0580\u0564)) bezeichnet werden. Die Grundlage aller Mysterien ist das Evangelium Jesu Christi. Dies bedeutet jedoch nicht, dass Christus w\u00e4hrend seines irdischen Lebens alle Mysterien selbst eingesetzt oder gar alle Einzelheiten der Riten festgelegt hat. Die Mysterien und ihre Botschaft stellen die Grundlage des Heilwerkes Jesu Christi dar und beruhen zugleich auf den Wahrheiten des Evangeliums.<\/p>\n<p style=\"text-align: justify;\">Das Wort <em>&#8222;Khorhurd&#8220;<\/em>, im religi\u00f6s-theologischen Sinn, bedeutet <em>&#8222;die Offenbarung der verborgenen Dinge&#8220;<\/em> (Hl. Gregor von Tatev, 14. Jh.). Oft wird in der orthodoxen Tradition auch der Begriff <em>\u201eMysterium\u201c<\/em> verwendet. Viele Wahrheiten werden uns durch die Hl. Schrift verborgen vermittelt, die wir nur durch den Glauben verstehen k\u00f6nnen. Also, unter Mysterium verstehen wir die geheimnisvollen und g\u00f6ttlichen Wahrheiten, die wir mit dem normalen Auge nicht wahrnehmen k\u00f6nnen, sondern nur durch das geistliche Auge, d.h. durch den Glauben erkennen k\u00f6nnen. Durch das Feiern der Sakramente werden dem Betroffenen das G\u00f6ttliche und das Unsichtbare durch sichtbare Formen und Zeichen vermittelt.<\/p>\n<p style=\"text-align: justify;\">Die Kirche setzt das Heilswerk Christi in der Welt fort. Durch die Kirche ist Christus gegenw\u00e4rtig in der Welt. Die Macht Christi wird den Menschen durch die Spendung der Mysterien durch die Kirche vermittelt. In der Armenischen Kirche verwendet der Zelebrant (Priester, Bischof, Katholikos) bei der Spendung vieler Mysterien nicht die Ich-Form (z. B. <em>\u201eIch taufe&#8230;\u201c <\/em>oder <em>\u201eIch segne&#8230;\u201c<\/em>), sondern eine passive Formulierung (z. B. <em>\u201eEs wird getauft&#8230;\u201c<\/em> oder <em>\u201eEs wird gesegnet&#8230;\u201c<\/em>). Diese passive Formulierung verdeutlicht, dass Gott der eigentliche Spender der Mysterien ist. Bei der Spendung wird um Gottes Gnaden und Gaben gebeten.<\/p>\n<p style=\"text-align: justify;\">Die Armenische Kirche kennt wie auch die katholische und orthodoxe Kirche trotz einiger theologischer und christologischer Unterschiede sieben Mysterien. Zwar bejaht die Armenische Kirche die sieben Mysterien, sie distanziert sich jedoch von der Siebenzahl, da sie, wie die anderen Ostkirchen, die gesamte Kirche und alle kirchlichen Handlungen als <em>Mysterium<\/em> sieht. Der Meinung des armenischen Patriarchen von Konstantinopel, Erzbischof Maghakia Ormanian, nach, sei die Siebenzahl der Mysterien f\u00fcr die Armenische Kirche nie ein Dogma gewesen, sondern und vielmehr ein Punkt der Lehre. Deshalb lehnt er f\u00fcr die authentische armenische Lehre die Verbindlichkeit der Siebenzahl ab.<\/p>\n<p style=\"text-align: justify;\">In der Armenischen Kirchen d\u00fcrfen die Mysterien nur durch einen geweihten und gesalbten Priester (verheiratet oder im Z\u00f6libat lebend) gespendet werden. Das Mysterium der Handauflegung oder Priesterweihe wird durch einen Bischof bzw. den Katholikos selbst gespendet. Die Mysterien der Taufe, der Salbung und der Weihe sind unwiederholbar. Die Taufe, die Salbung, die Bu\u00dfe und das Abendmahl sind die unentbehrlichen Mysterien f\u00fcr jeden Gl\u00e4ubigen.<\/p>\n<p>Die sieben Mysterien der Armenischen Kirche sind: <strong>Taufe, Salbung, Bu\u00dfe, Eucharistie (Abendmahl), Kr\u00f6nung (Eheschlie\u00dfung), Handauflegung (Weihe), Krankensalbung bzw. letzte \u00d6lung<\/strong>.<\/p>\n<\/div><div class=\"fusion-clearfix\"><\/div><\/div><\/div><\/div><\/div>","protected":false},"excerpt":{"rendered":"","protected":false},"author":1,"featured_media":0,"parent":0,"menu_order":0,"comment_status":"closed","ping_status":"closed","template":"","meta":{"footnotes":""},"class_list":["post-4089","page","type-page","status-publish","hentry"],"_links":{"self":[{"href":"https:\/\/giessen.dakd.de\/am\/wp-json\/wp\/v2\/pages\/4089","targetHints":{"allow":["GET"]}}],"collection":[{"href":"https:\/\/giessen.dakd.de\/am\/wp-json\/wp\/v2\/pages"}],"about":[{"href":"https:\/\/giessen.dakd.de\/am\/wp-json\/wp\/v2\/types\/page"}],"author":[{"embeddable":true,"href":"https:\/\/giessen.dakd.de\/am\/wp-json\/wp\/v2\/users\/1"}],"replies":[{"embeddable":true,"href":"https:\/\/giessen.dakd.de\/am\/wp-json\/wp\/v2\/comments?post=4089"}],"version-history":[{"count":0,"href":"https:\/\/giessen.dakd.de\/am\/wp-json\/wp\/v2\/pages\/4089\/revisions"}],"wp:attachment":[{"href":"https:\/\/giessen.dakd.de\/am\/wp-json\/wp\/v2\/media?parent=4089"}],"curies":[{"name":"wp","href":"https:\/\/api.w.org\/{rel}","templated":true}]}}