{"id":13092,"date":"2024-03-03T23:05:46","date_gmt":"2024-03-03T22:05:46","guid":{"rendered":"https:\/\/neuwied.dakd.de\/?page_id=13092"},"modified":"2024-10-27T10:13:25","modified_gmt":"2024-10-27T09:13:25","slug":"gemeindevorstand","status":"publish","type":"page","link":"https:\/\/giessen.dakd.de\/am\/gemeindevorstand\/","title":{"rendered":"Gemeindevorstand"},"content":{"rendered":"<div class=\"fusion-fullwidth fullwidth-box fusion-builder-row-1 fusion-flex-container nonhundred-percent-fullwidth non-hundred-percent-height-scrolling\" style=\"--awb-border-radius-top-left:0px;--awb-border-radius-top-right:0px;--awb-border-radius-bottom-right:0px;--awb-border-radius-bottom-left:0px;--awb-flex-wrap:wrap;\" ><div class=\"fusion-builder-row fusion-row fusion-flex-align-items-flex-start fusion-flex-content-wrap\" style=\"max-width:1248px;margin-left: calc(-4% \/ 2 );margin-right: calc(-4% \/ 2 );\"><div class=\"fusion-layout-column fusion_builder_column fusion-builder-column-0 fusion_builder_column_2_3 2_3 fusion-flex-column\" style=\"--awb-bg-size:cover;--awb-width-large:66.666666666667%;--awb-margin-top-large:0px;--awb-spacing-right-large:2.88%;--awb-margin-bottom-large:20px;--awb-spacing-left-large:2.88%;--awb-width-medium:100%;--awb-order-medium:0;--awb-spacing-right-medium:1.92%;--awb-spacing-left-medium:1.92%;--awb-width-small:100%;--awb-order-small:0;--awb-spacing-right-small:1.92%;--awb-spacing-left-small:1.92%;\"><div class=\"fusion-column-wrapper fusion-column-has-shadow fusion-flex-justify-content-flex-start fusion-content-layout-column\"><div class=\"fusion-title title fusion-title-1 fusion-sep-none fusion-title-text fusion-title-size-one\"><h1 class=\"fusion-title-heading title-heading-left\" style=\"margin:0;\"><p class=\"title-heading-left\">Gemeindevorstand<\/p><\/h1><\/div><div class=\"fusion-text fusion-text-1\" style=\"--awb-text-transform:none;\"><p>Dem Leitungsgremium der Armenischen Gemeinde Neuwiede.V. geh\u00f6ren sieben gew\u00e4hlte Vorstandsmitglieder an, dazu kommt der Gemeindepfarrer. Der Vorsitzende, der stellvertretende Vorsitzende, der Kassenwart und der Gemeindepfarrer bilden den Gemeindevorstand im Sinne des Gesetzes (\u00a7 26 BGB).<\/p>\n<p>Im Vorstand wird der Haushalt der Gemeinde beschlossen. Au\u00dferdem werden alle wichtigen Themen des Gemeindelebens besprochen und \u00fcber die Durchf\u00fchrung von Veranstaltungen beraten.<\/p>\n<p>Der Gemeindevorstand wird jeweils f\u00fcr drei Jahre gew\u00e4hlt und kann anschlie\u00dfend wiedergew\u00e4hlt werden. Die letzten Gemeindewahlen fanden 2021 statt.<\/p>\n<p>Der Vorstand der Gemeinde sowie die Di\u00f6zesan-Delegierten wurden zuletzt <span class=\"nolink\">am 17.10.2021<\/span> Ihm geh\u00f6ren folgende Personen an:<\/p>\n<ul>\n<li><strong>Ehrenvorsitzender \u2013 Pfr. Vahridsch BAGHDASARYAN<\/strong><\/li>\n<li><strong>Vorsitzende \u2013 Birg\u00fcl CAKMAK<\/strong><\/li>\n<li><strong>Stellv. Vorsitzender \u2013 Dajat CHAROYAN<\/strong><\/li>\n<li><strong>Kassenwart \u2013 Krikor POLOYAN<\/strong><\/li>\n<li><strong>Stellv. Kassenwart &#8211; Zarmiene KELASERIAN<\/strong><\/li>\n<li><strong>Schriftf\u00fchrer \u2013 Atilla CAKMAK<\/strong><\/li>\n<li><strong>Stellv. Schriftf\u00fchrer &#8211; Armen SAFARYAN<\/strong><\/li>\n<\/ul>\n<p><img decoding=\"async\" class=\"alignnone wp-image-14478\" src=\"https:\/\/neuwied.dakd.de\/wp-content\/uploads\/2022\/08\/247392150_10158897294878743_1458480507962826062_n.jpg\" alt=\"\" width=\"472\" height=\"354\" \/><\/p>\n<p>Di\u00f6zesandelegierte:<\/p>\n<ul>\n<li><strong>Zenik CATAK<\/strong><\/li>\n<li><strong>Arman BOYACI<\/strong><\/li>\n<li><strong>Chochanik CHAROYAN<\/strong><\/li>\n<\/ul>\n<p><img decoding=\"async\" class=\"alignnone wp-image-14480\" src=\"https:\/\/neuwied.dakd.de\/wp-content\/uploads\/2022\/08\/20211031_173846.jpg\" alt=\"\" width=\"474\" height=\"355\" \/><\/p>\n<p>Der Beschluss der Sitzung wurde\u00a0<span class=\"nolink\">am 19.10.2021<\/span> vom Primas, S. E. Bischof Serovpe Isakhanyan, schriftlich best\u00e4tigt.<\/p>\n<\/div><\/div><\/div><div class=\"fusion-layout-column fusion_builder_column fusion-builder-column-1 fusion_builder_column_1_3 1_3 fusion-flex-column\" style=\"--awb-padding-top:20px;--awb-padding-right:20px;--awb-padding-bottom:20px;--awb-padding-left:20px;--awb-bg-color:var(--awb-color4);--awb-bg-color-hover:var(--awb-color4);--awb-bg-size:cover;--awb-width-large:33.333333333333%;--awb-margin-top-large:0px;--awb-spacing-right-large:5.76%;--awb-margin-bottom-large:20px;--awb-spacing-left-large:5.76%;--awb-width-medium:100%;--awb-order-medium:0;--awb-spacing-right-medium:1.92%;--awb-spacing-left-medium:1.92%;--awb-width-small:100%;--awb-order-small:0;--awb-spacing-right-small:1.92%;--awb-spacing-left-small:1.92%;\"><div class=\"fusion-column-wrapper fusion-column-has-shadow fusion-flex-justify-content-flex-start fusion-content-layout-column\"><div class=\"fusion-title title fusion-title-2 fusion-sep-none fusion-title-text fusion-title-size-three\"><h3 class=\"fusion-title-heading title-heading-left\" style=\"margin:0;\">Schreiben Sie uns&#8230;<\/h3><\/div><div class=\"fusion-text fusion-text-2\" style=\"--awb-text-transform:none;\"><p>Haben Sie Fragen, Anregungen, W\u00fcnsche? Dann schreiben Sie uns!<\/p>\n<\/div>\n<div class=\"wpcf7 no-js\" id=\"wpcf7-f16241-o1\" lang=\"de-DE\" dir=\"ltr\" data-wpcf7-id=\"16241\">\n<div class=\"screen-reader-response\"><p role=\"status\" aria-live=\"polite\" aria-atomic=\"true\"><\/p> <ul><\/ul><\/div>\n<form action=\"\/am\/wp-json\/wp\/v2\/pages\/13092#wpcf7-f16241-o1\" method=\"post\" class=\"wpcf7-form init\" aria-label=\"Kontaktformular\" novalidate=\"novalidate\" data-status=\"init\" data-trp-original-action=\"\/am\/wp-json\/wp\/v2\/pages\/13092#wpcf7-f16241-o1\">\n<fieldset class=\"hidden-fields-container\"><input type=\"hidden\" name=\"_wpcf7\" value=\"16241\" \/><input type=\"hidden\" name=\"_wpcf7_version\" value=\"6.1.5\" \/><input type=\"hidden\" name=\"_wpcf7_locale\" value=\"de_DE\" \/><input type=\"hidden\" name=\"_wpcf7_unit_tag\" value=\"wpcf7-f16241-o1\" \/><input type=\"hidden\" name=\"_wpcf7_container_post\" value=\"0\" \/><input type=\"hidden\" name=\"_wpcf7_posted_data_hash\" value=\"\" \/><input type=\"hidden\" name=\"_wpcf7_recaptcha_response\" value=\"\" \/>\n<\/fieldset>\n<div class=\"fusion-alert alert custom alert-custom fusion-alert-center wpcf7-response-output awb-alert-native-link-color alert-dismissable awb-alert-close-boxed\" style=\"--awb-border-size:1px;--awb-border-top-left-radius:0px;--awb-border-top-right-radius:0px;--awb-border-bottom-left-radius:0px;--awb-border-bottom-right-radius:0px;\" role=\"alert\"><div class=\"fusion-alert-content-wrapper\"><span class=\"fusion-alert-content\"><\/span><\/div><button type=\"button\" class=\"close toggle-alert\" data-dismiss=\"alert\" aria-label=\"Close\">&times;<\/button><\/div>\n<p><label> Name:<br \/>\n<span class=\"wpcf7-form-control-wrap\" data-name=\"your-name\"><input size=\"40\" maxlength=\"400\" class=\"wpcf7-form-control wpcf7-text wpcf7-validates-as-required\" aria-required=\"true\" aria-invalid=\"false\" value=\"\" type=\"text\" name=\"your-name\" \/><\/span> <\/label>\n<\/p>\n<p><label> E-Mail:<br \/>\n<span class=\"wpcf7-form-control-wrap\" data-name=\"your-email\"><input size=\"40\" maxlength=\"400\" class=\"wpcf7-form-control wpcf7-email wpcf7-validates-as-required wpcf7-text wpcf7-validates-as-email\" aria-required=\"true\" aria-invalid=\"false\" value=\"\" type=\"email\" name=\"your-email\" \/><\/span> <\/label>\n<\/p>\n<p><label> Betreff:<br \/>\n<span class=\"wpcf7-form-control-wrap\" data-name=\"your-subject\"><input size=\"40\" maxlength=\"400\" class=\"wpcf7-form-control wpcf7-text wpcf7-validates-as-required\" aria-required=\"true\" aria-invalid=\"false\" value=\"\" type=\"text\" name=\"your-subject\" \/><\/span> <\/label>\n<\/p>\n<p><label> Ihre Nachricht:<br \/>\n<span class=\"wpcf7-form-control-wrap\" data-name=\"your-message\"><textarea cols=\"40\" rows=\"10\" maxlength=\"2000\" class=\"wpcf7-form-control wpcf7-textarea wpcf7-validates-as-required\" id=\"message-field\" aria-required=\"true\" aria-invalid=\"false\" name=\"your-message\"><\/textarea><\/span> <\/label>\n<\/p>\n<p><input class=\"wpcf7-form-control wpcf7-submit has-spinner\" type=\"submit\" value=\"Senden\" \/>\n<\/p>\n<input type=\"hidden\" name=\"trp-form-language\" value=\"am\"\/><\/form>\n<\/div>\n<\/div><\/div><\/div><\/div>","protected":false},"excerpt":{"rendered":"","protected":false},"author":1,"featured_media":0,"parent":0,"menu_order":0,"comment_status":"closed","ping_status":"closed","template":"","meta":{"footnotes":""},"class_list":["post-13092","page","type-page","status-publish","hentry"],"_links":{"self":[{"href":"https:\/\/giessen.dakd.de\/am\/wp-json\/wp\/v2\/pages\/13092","targetHints":{"allow":["GET"]}}],"collection":[{"href":"https:\/\/giessen.dakd.de\/am\/wp-json\/wp\/v2\/pages"}],"about":[{"href":"https:\/\/giessen.dakd.de\/am\/wp-json\/wp\/v2\/types\/page"}],"author":[{"embeddable":true,"href":"https:\/\/giessen.dakd.de\/am\/wp-json\/wp\/v2\/users\/1"}],"replies":[{"embeddable":true,"href":"https:\/\/giessen.dakd.de\/am\/wp-json\/wp\/v2\/comments?post=13092"}],"version-history":[{"count":1,"href":"https:\/\/giessen.dakd.de\/am\/wp-json\/wp\/v2\/pages\/13092\/revisions"}],"predecessor-version":[{"id":23316,"href":"https:\/\/giessen.dakd.de\/am\/wp-json\/wp\/v2\/pages\/13092\/revisions\/23316"}],"wp:attachment":[{"href":"https:\/\/giessen.dakd.de\/am\/wp-json\/wp\/v2\/media?parent=13092"}],"curies":[{"name":"wp","href":"https:\/\/api.w.org\/{rel}","templated":true}]}}